{"id":445,"date":"2022-11-11T10:06:38","date_gmt":"2022-11-11T10:06:38","guid":{"rendered":"https:\/\/vinaleban.si\/izdelek\/nativ\/"},"modified":"2023-09-11T08:10:33","modified_gmt":"2023-09-11T08:10:33","slug":"nativ","status":"publish","type":"product","link":"https:\/\/vinaleban.si\/de\/izdelek\/nativ\/","title":{"rendered":"NATIV"},"content":{"rendered":"<p>Angesichts der Tatsache, dass Weine Nativ reich an Aromen, hei\u00dfem Alkohol, zartem Tannin und langem Nachgeschmack sind, w\u00fcrde ich kr\u00e4ftige Vorspeisen wie Buchweizenbrei mit Pilzen, H\u00fchnergeschnetzeltes auf Mandelsauce oder ein frittiertes Gem\u00fcser\u00f6llchen und Hauptgerichte wie gef\u00fcllter Schweinebraten, Butterhuhn oder confierter Lachs empfehlen.<\/p>\n","protected":false},"excerpt":{"rendered":"<p>Angesichts der Tatsache, dass Weine Nativ reich an Aromen, hei\u00dfem Alkohol, zartem Tannin und langem Nachgeschmack sind, w\u00fcrde ich kr\u00e4ftige Vorspeisen wie Buchweizenbrei mit Pilzen, H\u00fchnergeschnetzeltes auf Mandelsauce oder ein frittiertes Gem\u00fcser\u00f6llchen und Hauptgerichte wie gef\u00fcllter Schweinebraten, Butterhuhn oder confierter Lachs empfehlen.<\/p>\n","protected":false},"featured_media":441,"comment_status":"open","ping_status":"closed","template":"","meta":[],"product_cat":[40],"product_tag":[],"class_list":["post-445","product","type-product","status-publish","has-post-thumbnail","hentry","product_cat-vina-de"],"acf":[],"yoast_head":"<!-- This site is optimized with the Yoast SEO plugin v19.14 - https:\/\/yoast.com\/wordpress\/plugins\/seo\/ -->\n<title>NATIV - Vina Leban<\/title>\n<meta name=\"robots\" content=\"index, follow, max-snippet:-1, max-image-preview:large, max-video-preview:-1\" \/>\n<link rel=\"canonical\" href=\"https:\/\/vinaleban.si\/de\/izdelek\/nativ\/\" \/>\n<meta property=\"og:locale\" content=\"de_DE\" \/>\n<meta property=\"og:type\" content=\"article\" \/>\n<meta property=\"og:title\" content=\"NATIV - Vina Leban\" \/>\n<meta property=\"og:description\" content=\"Angesichts der Tatsache, dass Weine Nativ reich an Aromen, hei\u00dfem Alkohol, zartem Tannin und langem Nachgeschmack sind, w\u00fcrde ich kr\u00e4ftige Vorspeisen wie Buchweizenbrei mit Pilzen, H\u00fchnergeschnetzeltes auf Mandelsauce oder ein frittiertes Gem\u00fcser\u00f6llchen und Hauptgerichte wie gef\u00fcllter Schweinebraten, Butterhuhn oder confierter Lachs empfehlen.\" \/>\n<meta property=\"og:url\" content=\"https:\/\/vinaleban.si\/de\/izdelek\/nativ\/\" \/>\n<meta property=\"og:site_name\" content=\"Vina Leban\" \/>\n<meta property=\"article:modified_time\" content=\"2023-09-11T08:10:33+00:00\" \/>\n<meta property=\"og:image\" content=\"https:\/\/vinaleban.si\/wp-content\/uploads\/2022\/11\/Vina-Leban-VINO-Nativ-1.png\" \/>\n\t<meta property=\"og:image:width\" content=\"877\" \/>\n\t<meta property=\"og:image:height\" content=\"2000\" \/>\n\t<meta property=\"og:image:type\" content=\"image\/png\" \/>\n<meta name=\"twitter:card\" content=\"summary_large_image\" \/>\n<meta name=\"twitter:label1\" content=\"Gesch\u00e4tzte Lesezeit\" \/>\n\t<meta name=\"twitter:data1\" content=\"1\u00a0Minute\" \/>\n<script type=\"application\/ld+json\" class=\"yoast-schema-graph\">{\"@context\":\"https:\/\/schema.org\",\"@graph\":[{\"@type\":\"WebPage\",\"@id\":\"https:\/\/vinaleban.si\/de\/izdelek\/nativ\/\",\"url\":\"https:\/\/vinaleban.si\/de\/izdelek\/nativ\/\",\"name\":\"NATIV - Vina Leban\",\"isPartOf\":{\"@id\":\"https:\/\/vinaleban.si\/de\/#website\"},\"datePublished\":\"2022-11-11T10:06:38+00:00\",\"dateModified\":\"2023-09-11T08:10:33+00:00\",\"breadcrumb\":{\"@id\":\"https:\/\/vinaleban.si\/de\/izdelek\/nativ\/#breadcrumb\"},\"inLanguage\":\"de\",\"potentialAction\":[{\"@type\":\"ReadAction\",\"target\":[\"https:\/\/vinaleban.si\/de\/izdelek\/nativ\/\"]}]},{\"@type\":\"BreadcrumbList\",\"@id\":\"https:\/\/vinaleban.si\/de\/izdelek\/nativ\/#breadcrumb\",\"itemListElement\":[{\"@type\":\"ListItem\",\"position\":1,\"name\":\"Home\",\"item\":\"https:\/\/vinaleban.si\/de\/\"},{\"@type\":\"ListItem\",\"position\":2,\"name\":\"Shop1\",\"item\":\"https:\/\/vinaleban.si\/en\/shop1\/\"},{\"@type\":\"ListItem\",\"position\":3,\"name\":\"NATIV\"}]},{\"@type\":\"WebSite\",\"@id\":\"https:\/\/vinaleban.si\/de\/#website\",\"url\":\"https:\/\/vinaleban.si\/de\/\",\"name\":\"Vina Leban\",\"description\":\"Ustvarjamo nekaj za du\u0161o\",\"publisher\":{\"@id\":\"https:\/\/vinaleban.si\/de\/#organization\"},\"potentialAction\":[{\"@type\":\"SearchAction\",\"target\":{\"@type\":\"EntryPoint\",\"urlTemplate\":\"https:\/\/vinaleban.si\/de\/?s={search_term_string}\"},\"query-input\":\"required name=search_term_string\"}],\"inLanguage\":\"de\"},{\"@type\":\"Organization\",\"@id\":\"https:\/\/vinaleban.si\/de\/#organization\",\"name\":\"Vina Leban\",\"url\":\"https:\/\/vinaleban.si\/de\/\",\"logo\":{\"@type\":\"ImageObject\",\"inLanguage\":\"de\",\"@id\":\"https:\/\/vinaleban.si\/de\/#\/schema\/logo\/image\/\",\"url\":\"https:\/\/vinaleban.si\/wp-content\/uploads\/2022\/03\/Vina-Leban-logotip-1.png\",\"contentUrl\":\"https:\/\/vinaleban.si\/wp-content\/uploads\/2022\/03\/Vina-Leban-logotip-1.png\",\"width\":702,\"height\":527,\"caption\":\"Vina Leban\"},\"image\":{\"@id\":\"https:\/\/vinaleban.si\/de\/#\/schema\/logo\/image\/\"}}]}<\/script>\n<!-- \/ Yoast SEO plugin. -->","yoast_head_json":{"title":"NATIV - Vina Leban","robots":{"index":"index","follow":"follow","max-snippet":"max-snippet:-1","max-image-preview":"max-image-preview:large","max-video-preview":"max-video-preview:-1"},"canonical":"https:\/\/vinaleban.si\/de\/izdelek\/nativ\/","og_locale":"de_DE","og_type":"article","og_title":"NATIV - Vina Leban","og_description":"Angesichts der Tatsache, dass Weine Nativ reich an Aromen, hei\u00dfem Alkohol, zartem Tannin und langem Nachgeschmack sind, w\u00fcrde ich kr\u00e4ftige Vorspeisen wie Buchweizenbrei mit Pilzen, H\u00fchnergeschnetzeltes auf Mandelsauce oder ein frittiertes Gem\u00fcser\u00f6llchen und Hauptgerichte wie gef\u00fcllter Schweinebraten, Butterhuhn oder confierter Lachs empfehlen.","og_url":"https:\/\/vinaleban.si\/de\/izdelek\/nativ\/","og_site_name":"Vina Leban","article_modified_time":"2023-09-11T08:10:33+00:00","og_image":[{"width":877,"height":2000,"url":"https:\/\/vinaleban.si\/wp-content\/uploads\/2022\/11\/Vina-Leban-VINO-Nativ-1.png","type":"image\/png"}],"twitter_card":"summary_large_image","twitter_misc":{"Gesch\u00e4tzte Lesezeit":"1\u00a0Minute"},"schema":{"@context":"https:\/\/schema.org","@graph":[{"@type":"WebPage","@id":"https:\/\/vinaleban.si\/de\/izdelek\/nativ\/","url":"https:\/\/vinaleban.si\/de\/izdelek\/nativ\/","name":"NATIV - Vina Leban","isPartOf":{"@id":"https:\/\/vinaleban.si\/de\/#website"},"datePublished":"2022-11-11T10:06:38+00:00","dateModified":"2023-09-11T08:10:33+00:00","breadcrumb":{"@id":"https:\/\/vinaleban.si\/de\/izdelek\/nativ\/#breadcrumb"},"inLanguage":"de","potentialAction":[{"@type":"ReadAction","target":["https:\/\/vinaleban.si\/de\/izdelek\/nativ\/"]}]},{"@type":"BreadcrumbList","@id":"https:\/\/vinaleban.si\/de\/izdelek\/nativ\/#breadcrumb","itemListElement":[{"@type":"ListItem","position":1,"name":"Home","item":"https:\/\/vinaleban.si\/de\/"},{"@type":"ListItem","position":2,"name":"Shop1","item":"https:\/\/vinaleban.si\/en\/shop1\/"},{"@type":"ListItem","position":3,"name":"NATIV"}]},{"@type":"WebSite","@id":"https:\/\/vinaleban.si\/de\/#website","url":"https:\/\/vinaleban.si\/de\/","name":"Vina Leban","description":"Ustvarjamo nekaj za du\u0161o","publisher":{"@id":"https:\/\/vinaleban.si\/de\/#organization"},"potentialAction":[{"@type":"SearchAction","target":{"@type":"EntryPoint","urlTemplate":"https:\/\/vinaleban.si\/de\/?s={search_term_string}"},"query-input":"required name=search_term_string"}],"inLanguage":"de"},{"@type":"Organization","@id":"https:\/\/vinaleban.si\/de\/#organization","name":"Vina Leban","url":"https:\/\/vinaleban.si\/de\/","logo":{"@type":"ImageObject","inLanguage":"de","@id":"https:\/\/vinaleban.si\/de\/#\/schema\/logo\/image\/","url":"https:\/\/vinaleban.si\/wp-content\/uploads\/2022\/03\/Vina-Leban-logotip-1.png","contentUrl":"https:\/\/vinaleban.si\/wp-content\/uploads\/2022\/03\/Vina-Leban-logotip-1.png","width":702,"height":527,"caption":"Vina Leban"},"image":{"@id":"https:\/\/vinaleban.si\/de\/#\/schema\/logo\/image\/"}}]}},"_links":{"self":[{"href":"https:\/\/vinaleban.si\/de\/wp-json\/wp\/v2\/product\/445","targetHints":{"allow":["GET"]}}],"collection":[{"href":"https:\/\/vinaleban.si\/de\/wp-json\/wp\/v2\/product"}],"about":[{"href":"https:\/\/vinaleban.si\/de\/wp-json\/wp\/v2\/types\/product"}],"replies":[{"embeddable":true,"href":"https:\/\/vinaleban.si\/de\/wp-json\/wp\/v2\/comments?post=445"}],"wp:featuredmedia":[{"embeddable":true,"href":"https:\/\/vinaleban.si\/de\/wp-json\/wp\/v2\/media\/441"}],"wp:attachment":[{"href":"https:\/\/vinaleban.si\/de\/wp-json\/wp\/v2\/media?parent=445"}],"wp:term":[{"taxonomy":"product_cat","embeddable":true,"href":"https:\/\/vinaleban.si\/de\/wp-json\/wp\/v2\/product_cat?post=445"},{"taxonomy":"product_tag","embeddable":true,"href":"https:\/\/vinaleban.si\/de\/wp-json\/wp\/v2\/product_tag?post=445"}],"curies":[{"name":"wp","href":"https:\/\/api.w.org\/{rel}","templated":true}]}}